{"id":794,"date":"2022-09-28T16:48:57","date_gmt":"2022-09-28T16:48:57","guid":{"rendered":"https:\/\/www.tattooatelier.sk\/dienstleistungen\/piercing\/"},"modified":"2025-03-23T11:54:33","modified_gmt":"2025-03-23T11:54:33","slug":"piercing","status":"publish","type":"page","link":"https:\/\/www.tattooatelier.sk\/de\/dienstleistungen\/piercing\/","title":{"rendered":"Piercing"},"content":{"rendered":"\t\t<div data-elementor-type=\"wp-page\" data-elementor-id=\"794\" class=\"elementor elementor-794 elementor-186\" data-elementor-post-type=\"page\">\n\t\t\t\t\t\t<section class=\"elementor-section elementor-top-section elementor-element elementor-element-f561350 elementor-section-boxed elementor-section-height-default elementor-section-height-default\" data-id=\"f561350\" data-element_type=\"section\" data-e-type=\"section\">\n\t\t\t\t\t\t<div class=\"elementor-container elementor-column-gap-default\">\n\t\t\t\t\t<div class=\"elementor-column elementor-col-50 elementor-top-column elementor-element elementor-element-d70ad5d\" data-id=\"d70ad5d\" data-element_type=\"column\" data-e-type=\"column\">\n\t\t\t<div class=\"elementor-widget-wrap elementor-element-populated\">\n\t\t\t\t\t\t<div class=\"elementor-element elementor-element-1813b20 elementor-widget elementor-widget-heading\" data-id=\"1813b20\" data-element_type=\"widget\" data-e-type=\"widget\" data-widget_type=\"heading.default\">\n\t\t\t\t<div class=\"elementor-widget-container\">\n\t\t\t\t\t<h2 class=\"elementor-heading-title elementor-size-default\">Piercing \u017dilina<\/h2>\t\t\t\t<\/div>\n\t\t\t\t<\/div>\n\t\t\t\t<div class=\"elementor-element elementor-element-2e5b4e4 elementor-widget elementor-widget-text-editor\" data-id=\"2e5b4e4\" data-element_type=\"widget\" data-e-type=\"widget\" data-widget_type=\"text-editor.default\">\n\t\t\t\t<div class=\"elementor-widget-container\">\n\t\t\t\t\t\t\t\t\t<p>Jedes Piercing in unserem Studio wird mit h\u00f6chster Pr\u00e4zision und Hygiene durchgef\u00fchrt. Wir verwenden ausschlie\u00dflich hochwertigen Schmuck, der sicher und hypoallergen ist. Egal, ob Sie ein Piercing im Ohr, in der Nase, am Kinn, am Bauchnabel oder anderswo w\u00fcnschen, wir sind bereit, Ihren Wunsch zu erf\u00fcllen und Ihnen ein Piercing-Erlebnis zu bieten, das Sie begeistern wird.<\/p><p>Piercing ist hier nicht nur ein modisches Statement. Es ist eine M\u00f6glichkeit, Ihre Pers\u00f6nlichkeit auszudr\u00fccken, Ihre Rebellion auszudr\u00fccken oder sich einfach in Ihrer Haut wohl zu f\u00fchlen. Wir sind hier, um Sie auf Ihrem Weg zu diesem individuellen Ausdruck zu unterst\u00fctzen.<\/p><p>Z\u00f6gern Sie also nicht und besuchen Sie uns im Tattoo Atelier \u017dilina! Wir hei\u00dfen Sie mit offenen Armen willkommen und helfen Ihnen, Ihre Piercing-Tr\u00e4ume zu verwirklichen.<\/p>\t\t\t\t\t\t\t\t<\/div>\n\t\t\t\t<\/div>\n\t\t\t\t\t<\/div>\n\t\t<\/div>\n\t\t\t\t<div class=\"elementor-column elementor-col-50 elementor-top-column elementor-element elementor-element-d6a960c\" data-id=\"d6a960c\" data-element_type=\"column\" data-e-type=\"column\">\n\t\t\t<div class=\"elementor-widget-wrap elementor-element-populated\">\n\t\t\t\t\t\t<div class=\"elementor-element elementor-element-e7df00b elementor-widget elementor-widget-image\" data-id=\"e7df00b\" data-element_type=\"widget\" data-e-type=\"widget\" data-widget_type=\"image.default\">\n\t\t\t\t<div class=\"elementor-widget-container\">\n\t\t\t\t\t\t\t\t\t\t\t\t<figure class=\"wp-caption\">\n\t\t\t\t\t\t\t\t\t\t<img fetchpriority=\"high\" decoding=\"async\" width=\"462\" height=\"467\" src=\"https:\/\/www.tattooatelier.sk\/wp-content\/uploads\/2023\/05\/44140259_10214442313824865_984336358837321728_n.jpg\" class=\"attachment-large size-large wp-image-546\" alt=\"\" srcset=\"https:\/\/www.tattooatelier.sk\/wp-content\/uploads\/2023\/05\/44140259_10214442313824865_984336358837321728_n.jpg 462w, https:\/\/www.tattooatelier.sk\/wp-content\/uploads\/2023\/05\/44140259_10214442313824865_984336358837321728_n-100x100.jpg 100w, https:\/\/www.tattooatelier.sk\/wp-content\/uploads\/2023\/05\/44140259_10214442313824865_984336358837321728_n-297x300.jpg 297w\" sizes=\"(max-width: 462px) 100vw, 462px\" \/>\t\t\t\t\t\t\t\t\t\t\t<figcaption class=\"widget-image-caption wp-caption-text\">Kika - piecing<\/figcaption>\n\t\t\t\t\t\t\t\t\t\t<\/figure>\n\t\t\t\t\t\t\t\t\t<\/div>\n\t\t\t\t<\/div>\n\t\t\t\t<div class=\"elementor-element elementor-element-2c0ff4d elementor-shape-rounded elementor-grid-0 e-grid-align-center elementor-widget elementor-widget-social-icons\" data-id=\"2c0ff4d\" data-element_type=\"widget\" data-e-type=\"widget\" data-widget_type=\"social-icons.default\">\n\t\t\t\t<div class=\"elementor-widget-container\">\n\t\t\t\t\t\t\t<div class=\"elementor-social-icons-wrapper elementor-grid\" role=\"list\">\n\t\t\t\t\t\t\t<span class=\"elementor-grid-item\" role=\"listitem\">\n\t\t\t\t\t<a class=\"elementor-icon elementor-social-icon elementor-social-icon-facebook elementor-repeater-item-7620aa3\" href=\"https:\/\/www.facebook.com\/kikapiercingzilina\/\" target=\"_blank\" rel=\"noopener\">\n\t\t\t\t\t\t<span class=\"elementor-screen-only\">Facebook<\/span>\n\t\t\t\t\t\t<i aria-hidden=\"true\" class=\"fab fa-facebook\"><\/i>\t\t\t\t\t<\/a>\n\t\t\t\t<\/span>\n\t\t\t\t\t\t\t<span class=\"elementor-grid-item\" role=\"listitem\">\n\t\t\t\t\t<a class=\"elementor-icon elementor-social-icon elementor-social-icon-instagram elementor-repeater-item-47a761e\" href=\"https:\/\/www.instagram.com\/kikin_piercing_\/\" target=\"_blank\" rel=\"noopener\">\n\t\t\t\t\t\t<span class=\"elementor-screen-only\">Instagram<\/span>\n\t\t\t\t\t\t<i aria-hidden=\"true\" class=\"fab fa-instagram\"><\/i>\t\t\t\t\t<\/a>\n\t\t\t\t<\/span>\n\t\t\t\t\t\t\t<span class=\"elementor-grid-item\" role=\"listitem\">\n\t\t\t\t\t<a class=\"elementor-icon elementor-social-icon elementor-social-icon-phone-square-alt elementor-repeater-item-422cea4\" href=\"tel:00421940706309\" target=\"_blank\">\n\t\t\t\t\t\t<span class=\"elementor-screen-only\">Phone-square-alt<\/span>\n\t\t\t\t\t\t<i aria-hidden=\"true\" class=\"fas fa-phone-square-alt\"><\/i>\t\t\t\t\t<\/a>\n\t\t\t\t<\/span>\n\t\t\t\t\t<\/div>\n\t\t\t\t\t\t<\/div>\n\t\t\t\t<\/div>\n\t\t\t\t<div class=\"elementor-element elementor-element-d8d9741 elementor-widget elementor-widget-facebook-embed\" data-id=\"d8d9741\" data-element_type=\"widget\" data-e-type=\"widget\" data-widget_type=\"facebook-embed.default\">\n\t\t\t\t<div class=\"elementor-widget-container\">\n\t\t\t\t\t<div style=\"min-height: 1px\" class=\"elementor-facebook-widget fb-post\" data-href=\"https:\/\/www.facebook.com\/kikapiercingzilina\/\" data-show-text=\"false\"><\/div>\t\t\t\t<\/div>\n\t\t\t\t<\/div>\n\t\t\t\t\t<\/div>\n\t\t<\/div>\n\t\t\t\t\t<\/div>\n\t\t<\/section>\n\t\t\t\t<\/div>\n\t\t","protected":false},"excerpt":{"rendered":"<p>Piercing \u017dilina Jedes Piercing in unserem Studio wird mit h\u00f6chster Pr\u00e4zision und Hygiene durchgef\u00fchrt. Wir verwenden ausschlie\u00dflich hochwertigen Schmuck, der sicher und hypoallergen ist. Egal, ob Sie ein Piercing im Ohr, in der Nase, am Kinn, am Bauchnabel oder anderswo w\u00fcnschen, wir sind bereit, Ihren Wunsch zu erf\u00fcllen und Ihnen ein Piercing-Erlebnis zu bieten, das [&hellip;]<\/p>\n","protected":false},"author":1,"featured_media":0,"parent":785,"menu_order":0,"comment_status":"closed","ping_status":"closed","template":"","meta":{"footnotes":""},"class_list":["post-794","page","type-page","status-publish","hentry"],"_links":{"self":[{"href":"https:\/\/www.tattooatelier.sk\/de\/wp-json\/wp\/v2\/pages\/794","targetHints":{"allow":["GET"]}}],"collection":[{"href":"https:\/\/www.tattooatelier.sk\/de\/wp-json\/wp\/v2\/pages"}],"about":[{"href":"https:\/\/www.tattooatelier.sk\/de\/wp-json\/wp\/v2\/types\/page"}],"author":[{"embeddable":true,"href":"https:\/\/www.tattooatelier.sk\/de\/wp-json\/wp\/v2\/users\/1"}],"replies":[{"embeddable":true,"href":"https:\/\/www.tattooatelier.sk\/de\/wp-json\/wp\/v2\/comments?post=794"}],"version-history":[{"count":1,"href":"https:\/\/www.tattooatelier.sk\/de\/wp-json\/wp\/v2\/pages\/794\/revisions"}],"predecessor-version":[{"id":795,"href":"https:\/\/www.tattooatelier.sk\/de\/wp-json\/wp\/v2\/pages\/794\/revisions\/795"}],"up":[{"embeddable":true,"href":"https:\/\/www.tattooatelier.sk\/de\/wp-json\/wp\/v2\/pages\/785"}],"wp:attachment":[{"href":"https:\/\/www.tattooatelier.sk\/de\/wp-json\/wp\/v2\/media?parent=794"}],"curies":[{"name":"wp","href":"https:\/\/api.w.org\/{rel}","templated":true}]}}