{"id":791,"date":"2022-09-28T15:54:13","date_gmt":"2022-09-28T15:54:13","guid":{"rendered":"https:\/\/www.tattooatelier.sk\/ueber-die-studie\/"},"modified":"2025-03-23T11:54:33","modified_gmt":"2025-03-23T11:54:33","slug":"ueber-die-studie","status":"publish","type":"page","link":"https:\/\/www.tattooatelier.sk\/de\/ueber-die-studie\/","title":{"rendered":"\u00dcber die Studie"},"content":{"rendered":"\t\t<div data-elementor-type=\"wp-page\" data-elementor-id=\"791\" class=\"elementor elementor-791 elementor-119\" data-elementor-post-type=\"page\">\n\t\t\t\t\t\t<section class=\"elementor-section elementor-top-section elementor-element elementor-element-28018fcf elementor-section-height-min-height elementor-section-items-stretch elementor-section-content-middle elementor-section-full_width elementor-section-height-default\" data-id=\"28018fcf\" data-element_type=\"section\" data-e-type=\"section\">\n\t\t\t\t\t\t<div class=\"elementor-container elementor-column-gap-default\">\n\t\t\t\t\t<div class=\"elementor-column elementor-col-50 elementor-top-column elementor-element elementor-element-5f66d594\" data-id=\"5f66d594\" data-element_type=\"column\" data-e-type=\"column\">\n\t\t\t<div class=\"elementor-widget-wrap elementor-element-populated\">\n\t\t\t\t\t\t<div class=\"elementor-element elementor-element-259aed6e elementor-widget elementor-widget-text-editor\" data-id=\"259aed6e\" data-element_type=\"widget\" data-e-type=\"widget\" data-widget_type=\"text-editor.default\">\n\t\t\t\t<div class=\"elementor-widget-container\">\n\t\t\t\t\t\t\t\t\t<h2 class=\"sc_item_title sc_promo_title\">Tattoostudio <span class=\"trx_addons_accent\">\u017dilina<\/span><\/h2>\t\t\t\t\t\t\t\t<\/div>\n\t\t\t\t<\/div>\n\t\t\t\t<div class=\"elementor-element elementor-element-18d2287e elementor-widget elementor-widget-text-editor\" data-id=\"18d2287e\" data-element_type=\"widget\" data-e-type=\"widget\" data-widget_type=\"text-editor.default\">\n\t\t\t\t<div class=\"elementor-widget-container\">\n\t\t\t\t\t\t\t\t\t<p>Das Studio wurde 2011 im Zentrum von \u017dilina von Sidim und Bisim gegr\u00fcndet \u2013 die Namens\u00e4hnlichkeit ist reiner Zufall. Nachdem wir vier Jahre lang in diesem kleinen Studio gearbeitet hatten, kam es uns etwas eng vor, sodass wir beschlossen, in deutlich gr\u00f6\u00dfere R\u00e4umlichkeiten nebenan umzuziehen. Aufgrund der steigenden Zahl zufriedener Kunden haben wir uns entschieden, unser Team zu erweitern<\/p><p> <\/p>\t\t\t\t\t\t\t\t<\/div>\n\t\t\t\t<\/div>\n\t\t\t\t\t<\/div>\n\t\t<\/div>\n\t\t\t\t<div class=\"elementor-column elementor-col-50 elementor-top-column elementor-element elementor-element-6c363bc2\" data-id=\"6c363bc2\" data-element_type=\"column\" data-e-type=\"column\">\n\t\t\t<div class=\"elementor-widget-wrap elementor-element-populated\">\n\t\t\t\t\t\t<div class=\"elementor-element elementor-element-e0a8026 elementor-absolute elementor-widget-tablet__width-initial elementor-widget-mobile__width-initial elementor-widget__width-inherit elementor-widget elementor-widget-image\" data-id=\"e0a8026\" data-element_type=\"widget\" data-e-type=\"widget\" data-settings=\"{&quot;motion_fx_motion_fx_scrolling&quot;:&quot;yes&quot;,&quot;motion_fx_rotateZ_effect&quot;:&quot;yes&quot;,&quot;motion_fx_rotateZ_speed&quot;:{&quot;unit&quot;:&quot;px&quot;,&quot;size&quot;:&quot;0.7&quot;,&quot;sizes&quot;:[]},&quot;motion_fx_devices&quot;:[&quot;desktop&quot;,&quot;tablet&quot;],&quot;_position&quot;:&quot;absolute&quot;,&quot;motion_fx_rotateZ_affectedRange&quot;:{&quot;unit&quot;:&quot;%&quot;,&quot;size&quot;:&quot;&quot;,&quot;sizes&quot;:{&quot;start&quot;:&quot;50&quot;,&quot;end&quot;:&quot;100&quot;}}}\" data-widget_type=\"image.default\">\n\t\t\t\t<div class=\"elementor-widget-container\">\n\t\t\t\t\t\t\t\t\t\t\t\t\t\t\t<img fetchpriority=\"high\" decoding=\"async\" width=\"754\" height=\"752\" src=\"https:\/\/www.tattooatelier.sk\/wp-content\/uploads\/2022\/09\/about-hero-pic.jpg\" class=\"attachment-large size-large wp-image-510\" alt=\"\" srcset=\"https:\/\/www.tattooatelier.sk\/wp-content\/uploads\/2022\/09\/about-hero-pic.jpg 754w, https:\/\/www.tattooatelier.sk\/wp-content\/uploads\/2022\/09\/about-hero-pic-300x300.jpg 300w, https:\/\/www.tattooatelier.sk\/wp-content\/uploads\/2022\/09\/about-hero-pic-100x100.jpg 100w, https:\/\/www.tattooatelier.sk\/wp-content\/uploads\/2022\/09\/about-hero-pic-600x598.jpg 600w, https:\/\/www.tattooatelier.sk\/wp-content\/uploads\/2022\/09\/about-hero-pic-150x150.jpg 150w\" sizes=\"(max-width: 754px) 100vw, 754px\" \/>\t\t\t\t\t\t\t\t\t\t\t\t\t\t\t<\/div>\n\t\t\t\t<\/div>\n\t\t\t\t<div class=\"elementor-element elementor-element-1b258874 elementor-absolute elementor-view-default elementor-widget elementor-widget-icon\" data-id=\"1b258874\" data-element_type=\"widget\" data-e-type=\"widget\" data-settings=\"{&quot;motion_fx_motion_fx_scrolling&quot;:&quot;yes&quot;,&quot;motion_fx_rotateZ_effect&quot;:&quot;yes&quot;,&quot;motion_fx_rotateZ_direction&quot;:&quot;negative&quot;,&quot;motion_fx_rotateZ_speed&quot;:{&quot;unit&quot;:&quot;px&quot;,&quot;size&quot;:&quot;0.8&quot;,&quot;sizes&quot;:[]},&quot;motion_fx_rotateZ_affectedRange&quot;:{&quot;unit&quot;:&quot;%&quot;,&quot;size&quot;:&quot;&quot;,&quot;sizes&quot;:{&quot;start&quot;:&quot;13&quot;,&quot;end&quot;:&quot;100&quot;}},&quot;motion_fx_devices&quot;:[&quot;desktop&quot;,&quot;tablet&quot;],&quot;_position&quot;:&quot;absolute&quot;}\" data-widget_type=\"icon.default\">\n\t\t\t\t<div class=\"elementor-widget-container\">\n\t\t\t\t\t\t\t<div class=\"elementor-icon-wrapper\">\n\t\t\t<div class=\"elementor-icon\">\n\t\t\t<svg xmlns=\"http:\/\/www.w3.org\/2000\/svg\" id=\"e28ce603-c6e9-4596-addb-3b480365e9a3\" width=\"776.7087\" height=\"823.8085\" viewBox=\"0 0 776.7087 823.8085\"><g id=\"a95cd5d9-7c49-48ff-8367-b756202de1c4\"><path d=\"M518.0406,823.8085l-.835-1.8672L345.2881,437.3506,0,363.9624,552.8052,0l-.19,2.07L516.57,392.5185l260.1388-54.9609ZM5.0972,363.0014l341.6021,72.605.2075.4639,171.29,383.1865L772.9312,340.4,514.33,395.0361l.1241-1.3506L550.4322,3.9575Z\"><\/path><\/g><\/svg>\t\t\t<\/div>\n\t\t<\/div>\n\t\t\t\t\t\t<\/div>\n\t\t\t\t<\/div>\n\t\t\t\t<div class=\"elementor-element elementor-element-d1d3b60 elementor-widget-tablet__width-initial elementor-widget-mobile__width-initial elementor-view-default elementor-widget elementor-widget-icon\" data-id=\"d1d3b60\" data-element_type=\"widget\" data-e-type=\"widget\" data-settings=\"{&quot;motion_fx_motion_fx_scrolling&quot;:&quot;yes&quot;,&quot;motion_fx_rotateZ_effect&quot;:&quot;yes&quot;,&quot;motion_fx_rotateZ_speed&quot;:{&quot;unit&quot;:&quot;px&quot;,&quot;size&quot;:&quot;0.7&quot;,&quot;sizes&quot;:[]},&quot;motion_fx_rotateZ_affectedRange&quot;:{&quot;unit&quot;:&quot;%&quot;,&quot;size&quot;:&quot;&quot;,&quot;sizes&quot;:{&quot;start&quot;:&quot;64&quot;,&quot;end&quot;:&quot;94&quot;}},&quot;motion_fx_devices&quot;:[&quot;desktop&quot;,&quot;tablet&quot;]}\" data-widget_type=\"icon.default\">\n\t\t\t\t<div class=\"elementor-widget-container\">\n\t\t\t\t\t\t\t<div class=\"elementor-icon-wrapper\">\n\t\t\t<div class=\"elementor-icon\">\n\t\t\t<svg xmlns=\"http:\/\/www.w3.org\/2000\/svg\" id=\"aedb0a50-3c9f-441a-9192-907cec7b63c2\" width=\"754.378\" height=\"738.276\" viewBox=\"0 0 754.378 738.276\"><defs><style>.e7d93620-1a35-4343-b5f0-7191a840b048{fill-rule:evenodd;}<\/style><\/defs><polygon id=\"b379fd70-0f44-4fb8-9bb0-2a2d209a0050\" class=\"e7d93620-1a35-4343-b5f0-7191a840b048\" points=\"0 308.534 226.378 738.276 456.53 423.164 754.378 423.164 158.849 0 210.926 349.775 0 308.534\"><\/polygon><\/svg>\t\t\t<\/div>\n\t\t<\/div>\n\t\t\t\t\t\t<\/div>\n\t\t\t\t<\/div>\n\t\t\t\t\t<\/div>\n\t\t<\/div>\n\t\t\t\t\t<\/div>\n\t\t<\/section>\n\t\t\t\t<section class=\"elementor-section elementor-top-section elementor-element elementor-element-5e5e72a6 elementor-section-boxed elementor-section-height-default elementor-section-height-default\" data-id=\"5e5e72a6\" data-element_type=\"section\" data-e-type=\"section\">\n\t\t\t\t\t\t<div class=\"elementor-container elementor-column-gap-default\">\n\t\t\t\t\t<div class=\"elementor-column elementor-col-100 elementor-top-column elementor-element elementor-element-10cce822\" data-id=\"10cce822\" data-element_type=\"column\" data-e-type=\"column\">\n\t\t\t<div class=\"elementor-widget-wrap elementor-element-populated\">\n\t\t\t\t\t\t<div class=\"elementor-element elementor-element-5d0ee4a4 elementor-view-default elementor-widget elementor-widget-icon\" data-id=\"5d0ee4a4\" data-element_type=\"widget\" data-e-type=\"widget\" data-widget_type=\"icon.default\">\n\t\t\t\t<div class=\"elementor-widget-container\">\n\t\t\t\t\t\t\t<div class=\"elementor-icon-wrapper\">\n\t\t\t<a class=\"elementor-icon\" href=\"#mystory\">\n\t\t\t<svg xmlns=\"http:\/\/www.w3.org\/2000\/svg\" id=\"fd55ede9-d930-4aee-82af-73fd45d91ebd\" viewBox=\"0 0 29.5001 37.5\"><title>scroll-down-icon<\/title><g id=\"e24bd6aa-6e60-4e26-a44c-50e0bbf799e8\"><g id=\"ed47d981-e5ea-4de1-b984-e686427cb1f9\"><g id=\"a765c147-5f71-48cb-8d6e-1ca81f79c45f\"><path d=\"M13.75,37.5h-.0142a.7506.7506,0,0,1-.2773-.0586h-.0005a.7485.7485,0,0,1-.0884-.0449h0l-.0024-.001h0l-.002-.001v-.0009l-.0019-.001-.002-.001h0l-.0014-.001s.0053.001-.002-.001l-.0019-.0019-.002-.001-.0019-.001-.0015-.0009-.001-.001h-.001l-.0009-.001-.002-.001-.001-.0009-.0024-.001-.002-.002h0l-.0015-.0009h0l-.002-.002h0l-.0019-.001h0a.76.76,0,0,1-.1333-.1133l-13-14a.75.75,0,0,1,1.1-1.0214L13,34.84V.75a.75.75,0,0,1,1.5,0V35.0244L28.2384,22.2021a.75.75,0,0,1,1.0234,1.0958l-14.998,13.999L14.26,37.3a.756.756,0,0,1-.4648.1992h-.0019C13.7789,37.5,13.7647,37.5,13.75,37.5Z\"><\/path><\/g><\/g><\/g><\/svg>\t\t\t<\/a>\n\t\t<\/div>\n\t\t\t\t\t\t<\/div>\n\t\t\t\t<\/div>\n\t\t\t\t\t<\/div>\n\t\t<\/div>\n\t\t\t\t\t<\/div>\n\t\t<\/section>\n\t\t\t\t<section class=\"elementor-section elementor-top-section elementor-element elementor-element-64453337 elementor-section-items-stretch elementor-section-height-min-height elementor-section-full_width elementor-reverse-tablet elementor-reverse-mobile elementor-section-height-default\" data-id=\"64453337\" data-element_type=\"section\" data-e-type=\"section\" id=\"mystory\">\n\t\t\t\t\t\t<div class=\"elementor-container elementor-column-gap-no\">\n\t\t\t\t\t<div class=\"elementor-column elementor-col-100 elementor-top-column elementor-element elementor-element-54162b9f\" data-id=\"54162b9f\" data-element_type=\"column\" data-e-type=\"column\" data-settings=\"{&quot;background_background&quot;:&quot;classic&quot;}\">\n\t\t\t<div class=\"elementor-widget-wrap elementor-element-populated\">\n\t\t\t\t\t<div class=\"elementor-background-overlay\"><\/div>\n\t\t\t\t\t\t<div class=\"elementor-element elementor-element-415ee668 elementor-absolute elementor-widget elementor-widget-image\" data-id=\"415ee668\" data-element_type=\"widget\" data-e-type=\"widget\" data-settings=\"{&quot;_position&quot;:&quot;absolute&quot;}\" data-widget_type=\"image.default\">\n\t\t\t\t<div class=\"elementor-widget-container\">\n\t\t\t\t\t\t\t\t\t\t\t\t\t\t\t<img decoding=\"async\" width=\"800\" height=\"414\" src=\"https:\/\/www.tattooatelier.sk\/wp-content\/uploads\/2022\/09\/my-story-pic.jpg\" class=\"attachment-large size-large wp-image-518\" alt=\"\" srcset=\"https:\/\/www.tattooatelier.sk\/wp-content\/uploads\/2022\/09\/my-story-pic.jpg 947w, https:\/\/www.tattooatelier.sk\/wp-content\/uploads\/2022\/09\/my-story-pic-600x310.jpg 600w, https:\/\/www.tattooatelier.sk\/wp-content\/uploads\/2022\/09\/my-story-pic-300x155.jpg 300w, https:\/\/www.tattooatelier.sk\/wp-content\/uploads\/2022\/09\/my-story-pic-768x397.jpg 768w\" sizes=\"(max-width: 800px) 100vw, 800px\" \/>\t\t\t\t\t\t\t\t\t\t\t\t\t\t\t<\/div>\n\t\t\t\t<\/div>\n\t\t\t\t<div class=\"elementor-element elementor-element-e58cbd6 elementor-widget__width-inherit elementor-absolute elementor-view-default elementor-widget elementor-widget-icon\" data-id=\"e58cbd6\" data-element_type=\"widget\" data-e-type=\"widget\" data-settings=\"{&quot;_position&quot;:&quot;absolute&quot;}\" data-widget_type=\"icon.default\">\n\t\t\t\t<div class=\"elementor-widget-container\">\n\t\t\t\t\t\t\t<div class=\"elementor-icon-wrapper\">\n\t\t\t<div class=\"elementor-icon\">\n\t\t\t<svg xmlns=\"http:\/\/www.w3.org\/2000\/svg\" xmlns:xlink=\"http:\/\/www.w3.org\/1999\/xlink\" id=\"a4eef1c8-b7ab-4a01-83ab-a0014fc66eac\" x=\"0px\" y=\"0px\" viewBox=\"0 0 237.4 433.9\" style=\"enable-background:new 0 0 237.4 433.9;\" xml:space=\"preserve\"><polygon points=\"0,0 0,2 110.8,14.2 18.2,182.4 231,429.5 0,348.5 0,350.7 237.4,433.9 20.7,182.1 114,12.5 \"><\/polygon><\/svg>\t\t\t<\/div>\n\t\t<\/div>\n\t\t\t\t\t\t<\/div>\n\t\t\t\t<\/div>\n\t\t\t\t<div class=\"elementor-element elementor-element-db27d8b elementor-widget__width-inherit elementor-view-default elementor-widget elementor-widget-icon\" data-id=\"db27d8b\" data-element_type=\"widget\" data-e-type=\"widget\" data-widget_type=\"icon.default\">\n\t\t\t\t<div class=\"elementor-widget-container\">\n\t\t\t\t\t\t\t<div class=\"elementor-icon-wrapper\">\n\t\t\t<div class=\"elementor-icon\">\n\t\t\t<svg xmlns=\"http:\/\/www.w3.org\/2000\/svg\" xmlns:xlink=\"http:\/\/www.w3.org\/1999\/xlink\" id=\"aa6ed804-b672-491a-ad29-fc899bcd342a\" x=\"0px\" y=\"0px\" viewBox=\"0 0 271.8 333.7\" style=\"enable-background:new 0 0 271.8 333.7;\" xml:space=\"preserve\"><style type=\"text\/css\">\t.st0{fill-rule:evenodd;clip-rule:evenodd;}<\/style><polygon class=\"st0\" points=\"203.7,0 0,159.9 0,333.7 133.8,301 271.8,317.4 \"><\/polygon><\/svg>\t\t\t<\/div>\n\t\t<\/div>\n\t\t\t\t\t\t<\/div>\n\t\t\t\t<\/div>\n\t\t\t\t\t<\/div>\n\t\t<\/div>\n\t\t\t\t<div class=\"elementor-column elementor-col-100 elementor-top-column elementor-element elementor-element-335a3f3b\" data-id=\"335a3f3b\" data-element_type=\"column\" data-e-type=\"column\">\n\t\t\t<div class=\"elementor-widget-wrap elementor-element-populated\">\n\t\t\t\t\t\t<div class=\"elementor-element elementor-element-3acb8f3f elementor-widget__width-auto elementor-widget-mobile__width-inherit elementor-view-default elementor-widget elementor-widget-icon\" data-id=\"3acb8f3f\" data-element_type=\"widget\" data-e-type=\"widget\" data-widget_type=\"icon.default\">\n\t\t\t\t<div class=\"elementor-widget-container\">\n\t\t\t\t\t\t\t<div class=\"elementor-icon-wrapper\">\n\t\t\t<div class=\"elementor-icon\">\n\t\t\t<svg xmlns=\"http:\/\/www.w3.org\/2000\/svg\" xmlns:xlink=\"http:\/\/www.w3.org\/1999\/xlink\" id=\"b47de994-6017-405a-9e2f-afa97f674899\" x=\"0px\" y=\"0px\" viewBox=\"0 0 9 10\" style=\"enable-background:new 0 0 9 10;\" xml:space=\"preserve\"><style type=\"text\/css\">\t.st0{fill-rule:evenodd;clip-rule:evenodd;}<\/style><title>button-triangle-icon<\/title><g id=\"fd6d3d3d-dc27-4279-ab3a-9d8bee71b579\">\t<g id=\"b281915a-1ca5-47d2-9f17-14e0b526badd\">\t\t<g id=\"a3c2ad1b-5ae6-4714-92c1-4f3136b9570f\">\t\t\t<g id=\"be42dabf-e2b0-4f0d-9e37-56e72a733feb\">\t\t\t\t<polygon id=\"fb9ab2a7-6a74-497c-9c68-4284a0795302\" class=\"st0\" points=\"7.7,5.5 3.2,8 3.2,3     \"><\/polygon>\t\t\t<\/g>\t\t<\/g>\t<\/g><\/g><\/svg>\t\t\t<\/div>\n\t\t<\/div>\n\t\t\t\t\t\t<\/div>\n\t\t\t\t<\/div>\n\t\t\t\t<div class=\"elementor-element elementor-element-2226dfd7 elementor-widget__width-auto elementor-widget elementor-widget-text-editor\" data-id=\"2226dfd7\" data-element_type=\"widget\" data-e-type=\"widget\" data-widget_type=\"text-editor.default\">\n\t\t\t\t<div class=\"elementor-widget-container\">\n\t\t\t\t\t\t\t\t\t<h2>Meine Tattoos<br>  sind meine Geschichte<\/h2>\t\t\t\t\t\t\t\t<\/div>\n\t\t\t\t<\/div>\n\t\t\t\t<div class=\"elementor-element elementor-element-581c9bf3 elementor-widget__width-auto elementor-widget-mobile__width-inherit elementor-view-default elementor-widget elementor-widget-icon\" data-id=\"581c9bf3\" data-element_type=\"widget\" data-e-type=\"widget\" data-widget_type=\"icon.default\">\n\t\t\t\t<div class=\"elementor-widget-container\">\n\t\t\t\t\t\t\t<div class=\"elementor-icon-wrapper\">\n\t\t\t<div class=\"elementor-icon\">\n\t\t\t<svg xmlns=\"http:\/\/www.w3.org\/2000\/svg\" xmlns:xlink=\"http:\/\/www.w3.org\/1999\/xlink\" id=\"b47de994-6017-405a-9e2f-afa97f674899\" x=\"0px\" y=\"0px\" viewBox=\"0 0 9 10\" style=\"enable-background:new 0 0 9 10;\" xml:space=\"preserve\"><style type=\"text\/css\">\t.st0{fill-rule:evenodd;clip-rule:evenodd;}<\/style><title>button-triangle-icon<\/title><g id=\"fd6d3d3d-dc27-4279-ab3a-9d8bee71b579\">\t<g id=\"b281915a-1ca5-47d2-9f17-14e0b526badd\">\t\t<g id=\"a3c2ad1b-5ae6-4714-92c1-4f3136b9570f\">\t\t\t<g id=\"be42dabf-e2b0-4f0d-9e37-56e72a733feb\">\t\t\t\t<polygon id=\"fb9ab2a7-6a74-497c-9c68-4284a0795302\" class=\"st0\" points=\"7.7,5.5 3.2,8 3.2,3     \"><\/polygon>\t\t\t<\/g>\t\t<\/g>\t<\/g><\/g><\/svg>\t\t\t<\/div>\n\t\t<\/div>\n\t\t\t\t\t\t<\/div>\n\t\t\t\t<\/div>\n\t\t\t\t<div class=\"elementor-element elementor-element-78c41385 elementor-widget elementor-widget-text-editor\" data-id=\"78c41385\" data-element_type=\"widget\" data-e-type=\"widget\" data-widget_type=\"text-editor.default\">\n\t\t\t\t<div class=\"elementor-widget-container\">\n\t\t\t\t\t\t\t\t\t<p>Wir widmen uns sowohl unseren eigenen Kreationen als auch Beschriftungen, kleineren Designs und importierten Motiven. Wir stehen Ihnen jederzeit gerne und beratend zur Seite, sei es bei der Gr\u00f6\u00dfe, dem Standort, der Farbe oder der Pflege. Und Kiku\u0161, fragen Sie einfach, wo ein Piercing am besten zu Ihnen passen w\u00fcrde.<\/p><p>Bei uns kannst Du Dir ganz nach Deinem Geschmack eine Tater aussuchen, oder Dir alles piercen lassen.<\/p>\t\t\t\t\t\t\t\t<\/div>\n\t\t\t\t<\/div>\n\t\t\t\t\t<\/div>\n\t\t<\/div>\n\t\t\t\t\t<\/div>\n\t\t<\/section>\n\t\t\t\t<\/div>\n\t\t","protected":false},"excerpt":{"rendered":"<p>Tattoostudio \u017dilina Das Studio wurde 2011 im Zentrum von \u017dilina von Sidim und Bisim gegr\u00fcndet \u2013 die Namens\u00e4hnlichkeit ist reiner Zufall. Nachdem wir vier Jahre lang in diesem kleinen Studio gearbeitet hatten, kam es uns etwas eng vor, sodass wir beschlossen, in deutlich gr\u00f6\u00dfere R\u00e4umlichkeiten nebenan umzuziehen. Aufgrund der steigenden Zahl zufriedener Kunden haben wir [&hellip;]<\/p>\n","protected":false},"author":1,"featured_media":0,"parent":0,"menu_order":0,"comment_status":"closed","ping_status":"closed","template":"elementor_theme","meta":{"footnotes":""},"class_list":["post-791","page","type-page","status-publish","hentry"],"_links":{"self":[{"href":"https:\/\/www.tattooatelier.sk\/de\/wp-json\/wp\/v2\/pages\/791","targetHints":{"allow":["GET"]}}],"collection":[{"href":"https:\/\/www.tattooatelier.sk\/de\/wp-json\/wp\/v2\/pages"}],"about":[{"href":"https:\/\/www.tattooatelier.sk\/de\/wp-json\/wp\/v2\/types\/page"}],"author":[{"embeddable":true,"href":"https:\/\/www.tattooatelier.sk\/de\/wp-json\/wp\/v2\/users\/1"}],"replies":[{"embeddable":true,"href":"https:\/\/www.tattooatelier.sk\/de\/wp-json\/wp\/v2\/comments?post=791"}],"version-history":[{"count":1,"href":"https:\/\/www.tattooatelier.sk\/de\/wp-json\/wp\/v2\/pages\/791\/revisions"}],"predecessor-version":[{"id":793,"href":"https:\/\/www.tattooatelier.sk\/de\/wp-json\/wp\/v2\/pages\/791\/revisions\/793"}],"wp:attachment":[{"href":"https:\/\/www.tattooatelier.sk\/de\/wp-json\/wp\/v2\/media?parent=791"}],"curies":[{"name":"wp","href":"https:\/\/api.w.org\/{rel}","templated":true}]}}