{"id":786,"date":"2023-06-25T14:46:26","date_gmt":"2023-06-25T14:46:26","guid":{"rendered":"https:\/\/www.tattooatelier.sk\/taetowierung-in-zilina\/"},"modified":"2025-03-23T11:54:30","modified_gmt":"2025-03-23T11:54:30","slug":"taetowierung-in-zilina","status":"publish","type":"page","link":"https:\/\/www.tattooatelier.sk\/de\/dienstleistungen\/taetowierung-in-zilina\/","title":{"rendered":"T\u00e4towierung in \u017dilina"},"content":{"rendered":"\t\t<div data-elementor-type=\"wp-page\" data-elementor-id=\"786\" class=\"elementor elementor-786 elementor-355\" data-elementor-post-type=\"page\">\n\t\t\t\t\t\t<section class=\"elementor-section elementor-top-section elementor-element elementor-element-c0aab7a elementor-section-boxed elementor-section-height-default elementor-section-height-default\" data-id=\"c0aab7a\" data-element_type=\"section\" data-e-type=\"section\">\n\t\t\t\t\t\t<div class=\"elementor-container elementor-column-gap-default\">\n\t\t\t\t\t<div class=\"elementor-column elementor-col-100 elementor-top-column elementor-element elementor-element-2787095\" data-id=\"2787095\" data-element_type=\"column\" data-e-type=\"column\">\n\t\t\t<div class=\"elementor-widget-wrap elementor-element-populated\">\n\t\t\t\t\t\t<section class=\"elementor-section elementor-inner-section elementor-element elementor-element-8425817 elementor-section-boxed elementor-section-height-default elementor-section-height-default\" data-id=\"8425817\" data-element_type=\"section\" data-e-type=\"section\">\n\t\t\t\t\t\t<div class=\"elementor-container elementor-column-gap-default\">\n\t\t\t\t\t<div class=\"elementor-column elementor-col-50 elementor-inner-column elementor-element elementor-element-671ecb3\" data-id=\"671ecb3\" data-element_type=\"column\" data-e-type=\"column\">\n\t\t\t<div class=\"elementor-widget-wrap elementor-element-populated\">\n\t\t\t\t\t\t<div class=\"elementor-element elementor-element-25eb676 elementor-widget elementor-widget-image\" data-id=\"25eb676\" data-element_type=\"widget\" data-e-type=\"widget\" data-widget_type=\"image.default\">\n\t\t\t\t<div class=\"elementor-widget-container\">\n\t\t\t\t\t\t\t\t\t\t\t\t\t\t\t<img fetchpriority=\"high\" decoding=\"async\" width=\"757\" height=\"753\" src=\"https:\/\/www.tattooatelier.sk\/wp-content\/uploads\/2022\/09\/a-studio-you-can-trust.jpg\" class=\"attachment-large size-large wp-image-452\" alt=\"\" srcset=\"https:\/\/www.tattooatelier.sk\/wp-content\/uploads\/2022\/09\/a-studio-you-can-trust.jpg 757w, https:\/\/www.tattooatelier.sk\/wp-content\/uploads\/2022\/09\/a-studio-you-can-trust-100x100.jpg 100w, https:\/\/www.tattooatelier.sk\/wp-content\/uploads\/2022\/09\/a-studio-you-can-trust-600x597.jpg 600w, https:\/\/www.tattooatelier.sk\/wp-content\/uploads\/2022\/09\/a-studio-you-can-trust-300x298.jpg 300w, https:\/\/www.tattooatelier.sk\/wp-content\/uploads\/2022\/09\/a-studio-you-can-trust-150x150.jpg 150w\" sizes=\"(max-width: 757px) 100vw, 757px\" \/>\t\t\t\t\t\t\t\t\t\t\t\t\t\t\t<\/div>\n\t\t\t\t<\/div>\n\t\t\t\t\t<\/div>\n\t\t<\/div>\n\t\t\t\t<div class=\"elementor-column elementor-col-50 elementor-inner-column elementor-element elementor-element-ce618f9\" data-id=\"ce618f9\" data-element_type=\"column\" data-e-type=\"column\">\n\t\t\t<div class=\"elementor-widget-wrap elementor-element-populated\">\n\t\t\t\t\t\t<div class=\"elementor-element elementor-element-ece1d1d elementor-widget elementor-widget-text-editor\" data-id=\"ece1d1d\" data-element_type=\"widget\" data-e-type=\"widget\" data-widget_type=\"text-editor.default\">\n\t\t\t\t<div class=\"elementor-widget-container\">\n\t\t\t\t\t\t\t\t\t<p>T\u00e4towieren ist eine Form der K\u00f6rpermodifikation, bei der ein Design durch das Einbringen von Tinte, Farbstoffen und Pigmenten, entweder dauerhaft oder vor\u00fcbergehend, in die Dermisschicht der Haut geschaffen wird, um das Pigment zu ver\u00e4ndern. T\u00e4towierungen lassen sich in drei gro\u00dfe Kategorien einteilen: rein dekorativ (keine spezifische Bedeutung); symbolisch (mit einer besonderen Bedeutung f\u00fcr den Benutzer); bildlich (Darstellung einer bestimmten Person oder eines bestimmten Gegenstands). Zu Beginn aus Polynesien nach Europa gebracht Als Seewege des 19. Jahrhunderts war es urspr\u00fcnglich weitgehend auf die Seefahrt beschr\u00e4nkt und ausschlie\u00dflich den M\u00e4nnern vorbehalten. Sp\u00e4ter Im 20. Jahrhundert wurde seine Verwendung weiter verbreitet und auf Frauen ausgeweitet. Bis zum Ende Im 20. Jahrhundert durchlief es viele Stigmatisierungen der Tattoo-Kultur und gelangte in den Bereich der Modeaccessoires f\u00fcr M\u00e4nner und Frauen.<\/p><p>Da die Hautbarriere durchbrochen werden muss, birgt das T\u00e4towieren Gesundheitsrisiken, darunter Infektionen und allergische Reaktionen.<\/p><p>Das Ausbrechen der T\u00e4towierung kann je nach Bereich unangenehm sein und dazu f\u00fchren, dass die Person ohnm\u00e4chtig wird. Moderne Tattoo-Shops reduzieren Risiken, indem sie bei der Arbeit mit Einwegartikeln allgemeine Sicherheitsvorkehrungen befolgen und ihre Ausr\u00fcstung nach jedem Gebrauch sterilisieren.<\/p>\t\t\t\t\t\t\t\t<\/div>\n\t\t\t\t<\/div>\n\t\t\t\t\t<\/div>\n\t\t<\/div>\n\t\t\t\t\t<\/div>\n\t\t<\/section>\n\t\t\t\t\t<\/div>\n\t\t<\/div>\n\t\t\t\t\t<\/div>\n\t\t<\/section>\n\t\t\t\t<\/div>\n\t\t","protected":false},"excerpt":{"rendered":"<p>T\u00e4towieren ist eine Form der K\u00f6rpermodifikation, bei der ein Design durch das Einbringen von Tinte, Farbstoffen und Pigmenten, entweder dauerhaft oder vor\u00fcbergehend, in die Dermisschicht der Haut geschaffen wird, um das Pigment zu ver\u00e4ndern. T\u00e4towierungen lassen sich in drei gro\u00dfe Kategorien einteilen: rein dekorativ (keine spezifische Bedeutung); symbolisch (mit einer besonderen Bedeutung f\u00fcr den Benutzer); [&hellip;]<\/p>\n","protected":false},"author":4,"featured_media":0,"parent":785,"menu_order":0,"comment_status":"closed","ping_status":"closed","template":"","meta":{"footnotes":""},"class_list":["post-786","page","type-page","status-publish","hentry"],"_links":{"self":[{"href":"https:\/\/www.tattooatelier.sk\/de\/wp-json\/wp\/v2\/pages\/786","targetHints":{"allow":["GET"]}}],"collection":[{"href":"https:\/\/www.tattooatelier.sk\/de\/wp-json\/wp\/v2\/pages"}],"about":[{"href":"https:\/\/www.tattooatelier.sk\/de\/wp-json\/wp\/v2\/types\/page"}],"author":[{"embeddable":true,"href":"https:\/\/www.tattooatelier.sk\/de\/wp-json\/wp\/v2\/users\/4"}],"replies":[{"embeddable":true,"href":"https:\/\/www.tattooatelier.sk\/de\/wp-json\/wp\/v2\/comments?post=786"}],"version-history":[{"count":1,"href":"https:\/\/www.tattooatelier.sk\/de\/wp-json\/wp\/v2\/pages\/786\/revisions"}],"predecessor-version":[{"id":788,"href":"https:\/\/www.tattooatelier.sk\/de\/wp-json\/wp\/v2\/pages\/786\/revisions\/788"}],"up":[{"embeddable":true,"href":"https:\/\/www.tattooatelier.sk\/de\/wp-json\/wp\/v2\/pages\/785"}],"wp:attachment":[{"href":"https:\/\/www.tattooatelier.sk\/de\/wp-json\/wp\/v2\/media?parent=786"}],"curies":[{"name":"wp","href":"https:\/\/api.w.org\/{rel}","templated":true}]}}